{"id":826,"date":"2024-02-14T11:08:57","date_gmt":"2024-02-14T10:08:57","guid":{"rendered":"https:\/\/www.endkorrektur.de\/Beethoven\/?page_id=826"},"modified":"2026-01-14T14:59:03","modified_gmt":"2026-01-14T13:59:03","slug":"konzerte","status":"publish","type":"page","link":"https:\/\/www.mutter-beethoven-haus.de\/?page_id=826","title":{"rendered":"Konzerte"},"content":{"rendered":"<p>Im Kammermusiksaal des Mutter-Beethoven-Hauses finden regelm\u00e4\u00dfig Konzerte statt.<\/p>\n<p>Hier ein kleiner Auszug (Konzerte ab 2022):<\/p>\n<p><strong>21.12.2025: Geburtstagskonzert f\u00fcr die Mutter Beethovens<\/strong><\/p>\n<p><strong>09.11.2025: Klavierkonzert Gerhard Richner<\/strong><br \/>\nIm Rahmen der Kunsttage Ehrenbreitstein machte Gerhard Richner, Pianist und langj\u00e4hriges Mitglied des F\u00f6rdervereins den Freunden und Freundinnen der Klaviermusik ein besonderes Geschenk. Er spielte ein umfangreiches Programm von Bach \u00fcber Beethoven und Schumann bis Chopin und Debussy.<\/p>\n<p><strong>26.10.2025: Klavier-Kabarett mit Dr. Eisel, Bonn<\/strong><br \/>\nDr.Stephan Eisel ging in seinem &#8222;Beethoven-Bonnensis&#8220;-Konzert auch ausf\u00fchrlich auf das Leben der Mutter Beethovens, der Maria Magdalena,geb. Keverich, verwitwete Leym als Mitglied der kurf\u00fcrstlich-trierischen Residenz Ehrenbreitstein ein. Die Gelenkstelle zur kurf\u00fcrstlich-k\u00f6lnischen Residenz Bonn war der Ehrenbreitsteiner Verwandte Maria Magdalenas (Cousin 2. Grades) Johann Konrad Rovantini, der an eine besser besoldete Stelle nach Bonn gewechselt war, was die Verbinung zwischen Johann van Beethoven (Bonn) und Maria Magdalene (Ehrenbreitstein) einleitete. Rovantini war auch Lehrer des jungen Ludwig in Bonn<\/p>\n<p><strong>14.09.2025: Konzert Jade-Trio<\/strong><br \/>\nIm Anschluss an die Jahreshauptversammlung lud der F\u00f6rderverein des Mutter-Beethoven-Hauses zu einem Beethoven-Kammerkonzert mit dem \u201eJade-Trio\u201c ein. Dieses besteht aus Rosie Wludang \u2013 Violine, Keyi Miao \u2013 Cello und Zhuochang \u201cZoe\u201d Zhang \u2013 Piano. Gespielt wurden die Violin-Romanze in F Major, Op. 50, das Klavier-Trio No.3 in C-Moll, Op.1, No.3 und die Cello-Sonata No.3 in A-Dur, Op.69. Die Veranstaltung fand statt in Kooperation mit dem Verein Sino European Chambermusic e.V., der sich zum Ziel gesetzt hat, junge musikalische Talente u.a. aus dem ostasiatischen Raum einem interessierten Publikum vorzustellen.<\/p>\n<p><strong>11.05.2025:<\/strong><\/p>\n<p>Kinsky-Trio Prag<\/p>\n<p><img loading=\"lazy\" decoding=\"async\" class=\"alignnone wp-image-1153\" src=\"https:\/\/www.mutter-beethoven-haus.de\/wp-content\/uploads\/2025\/05\/Kinski-Trio.jpg\" alt=\"\" width=\"699\" height=\"466\" srcset=\"https:\/\/www.mutter-beethoven-haus.de\/wp-content\/uploads\/2025\/05\/Kinski-Trio.jpg 1273w, https:\/\/www.mutter-beethoven-haus.de\/wp-content\/uploads\/2025\/05\/Kinski-Trio-300x200.jpg 300w, https:\/\/www.mutter-beethoven-haus.de\/wp-content\/uploads\/2025\/05\/Kinski-Trio-1024x682.jpg 1024w, https:\/\/www.mutter-beethoven-haus.de\/wp-content\/uploads\/2025\/05\/Kinski-Trio-768x512.jpg 768w, https:\/\/www.mutter-beethoven-haus.de\/wp-content\/uploads\/2025\/05\/Kinski-Trio-1140x759.jpg 1140w\" sizes=\"auto, (max-width: 699px) 100vw, 699px\" \/><\/p>\n<p>&nbsp;<\/p>\n<p><strong>16.03.2025:<\/strong><\/p>\n<p>Debut-Konzert der Preistr\u00e4ger des Regionalwettbewerbs &#8222;Jugend musiziert&#8220;<\/p>\n<p>&nbsp;<\/p>\n<p><strong>16.02.2025<\/strong><strong>:<\/strong><\/p>\n<p>Cello-R\u00e9cital mit Yo\u00ebl Cantori (Violoncello)<br \/>\nund Shenzi Liang (Klavier)<\/p>\n<p><img loading=\"lazy\" decoding=\"async\" class=\"alignnone wp-image-1099\" src=\"https:\/\/www.mutter-beethoven-haus.de\/wp-content\/uploads\/2025\/02\/Konzert-Cantori.jpeg\" alt=\"\" width=\"699\" height=\"465\" srcset=\"https:\/\/www.mutter-beethoven-haus.de\/wp-content\/uploads\/2025\/02\/Konzert-Cantori.jpeg 1440w, https:\/\/www.mutter-beethoven-haus.de\/wp-content\/uploads\/2025\/02\/Konzert-Cantori-300x200.jpeg 300w, https:\/\/www.mutter-beethoven-haus.de\/wp-content\/uploads\/2025\/02\/Konzert-Cantori-1024x683.jpeg 1024w, https:\/\/www.mutter-beethoven-haus.de\/wp-content\/uploads\/2025\/02\/Konzert-Cantori-768x512.jpeg 768w, https:\/\/www.mutter-beethoven-haus.de\/wp-content\/uploads\/2025\/02\/Konzert-Cantori-1140x760.jpeg 1140w\" sizes=\"auto, (max-width: 699px) 100vw, 699px\" \/><\/p>\n<p>&nbsp;<\/p>\n<p><strong>22.12.2024:<\/strong><\/p>\n<p>anl\u00e4sslich des Geburtstages der Mutter Beethovens:<\/p>\n<p>Konzert mit Monika Contarino (Oboe) und Maurizio Deiana (Klavier)<\/p>\n<p><img loading=\"lazy\" decoding=\"async\" class=\"alignnone wp-image-1091\" src=\"https:\/\/www.mutter-beethoven-haus.de\/wp-content\/uploads\/2025\/01\/2024_12_22_Konzert-MBH-3.jpg\" alt=\"\" width=\"699\" height=\"524\" srcset=\"https:\/\/www.mutter-beethoven-haus.de\/wp-content\/uploads\/2025\/01\/2024_12_22_Konzert-MBH-3.jpg 2016w, https:\/\/www.mutter-beethoven-haus.de\/wp-content\/uploads\/2025\/01\/2024_12_22_Konzert-MBH-3-300x225.jpg 300w, https:\/\/www.mutter-beethoven-haus.de\/wp-content\/uploads\/2025\/01\/2024_12_22_Konzert-MBH-3-1024x768.jpg 1024w, https:\/\/www.mutter-beethoven-haus.de\/wp-content\/uploads\/2025\/01\/2024_12_22_Konzert-MBH-3-768x576.jpg 768w, https:\/\/www.mutter-beethoven-haus.de\/wp-content\/uploads\/2025\/01\/2024_12_22_Konzert-MBH-3-1536x1152.jpg 1536w, https:\/\/www.mutter-beethoven-haus.de\/wp-content\/uploads\/2025\/01\/2024_12_22_Konzert-MBH-3-1140x855.jpg 1140w\" sizes=\"auto, (max-width: 699px) 100vw, 699px\" \/><\/p>\n<p>&nbsp;<\/p>\n<p><strong>06.10.2024<\/strong><\/p>\n<p>Konzert Trio Beethoven<br \/>\nKirill Terentiev (Violine), Yoel Cantori (Violoncello), Tania Sinelnikova (Klavier)<\/p>\n<p>&nbsp;<\/p>\n<p><strong>28.04.2024<\/strong><\/p>\n<p>Fr\u00fchlingskonzert mit Gerhard Richner mit Werken von H\u00e4ndel, Haydn, Mozart, Schubert, Chopin, Rachmaninov, Beethoven und J.S. Bach.<\/p>\n<p>&nbsp;<\/p>\n<p><strong>10.03.2024<\/strong><\/p>\n<p>Debutkonzert der Preistr\u00e4ger des Regionalwettbewerbs \u201eJugend musiziert\u201c<\/p>\n<p>&nbsp;<\/p>\n<p><strong>17.12.2023<\/strong><\/p>\n<p><strong>Konzert Trio Martin Ebach: <\/strong><\/p>\n<p>Musik, die Magdalena Keverich geh\u00f6rt haben k\u00f6nnte, mit Erl\u00e4uterungen zur Bekanntheit der St\u00fccke in dieser Zeit.<\/p>\n<ul>\n<li>P. Wranitzky: op. 3 Nr. 3 (Menuett)<\/li>\n<li>J. Haydn: Divertimento Hob. 53 (Allegro &#8211; Fuge)<\/li>\n<li>G.P. Telemann: Triosonate TWV 42:g10 (Cantabile)<\/li>\n<li>L. Boccherini: op. 14 Nr. 4 (Andantino)<\/li>\n<li>W.A. Mozart Divertimento KV 439b Nr. 4<\/li>\n<\/ul>\n<p><strong>Konzert<\/strong> Elfriede D\u00f6ll (Piano) und Gabriele Rott (Cello);\u00a0 <strong>\u201eLieder ohne Worte\u201c:<\/strong><\/p>\n<p>Musikst\u00fccke von P. Tschaikowski, Melanie Bonis, F.\u00a0Mendelssohn-Bartholdy und S. Rachmaninow.<\/p>\n<p>&nbsp;<\/p>\n<p><strong>02.09.2023 (Internationaler Museumstag):<\/strong><\/p>\n<p><strong>Konzert Musikschule Koblenz:<\/strong><\/p>\n<p>Klavier- und Violinenst\u00fccke, Beitr\u00e4ge der Gitarrenakademie<\/p>\n<p><strong>Hofkonzert mit Duo con Moto:<\/strong><\/p>\n<p>Sylvia Mel-Andr\u00e9 | Querfl\u00f6te<br \/>\nJohannes Andr\u00e9 | Gitarre<\/p>\n<p>&nbsp;<\/p>\n<p><strong>18.05.2023:<\/strong><\/p>\n<p>Konzert auf Einladung des italienischen Kulturvereins ALCI:<\/p>\n<p><strong>Giulia Olivieri<\/strong> mit ihrer Mutter <strong>Paola Maria Montemurro<\/strong><\/p>\n<p>Auf dem Programm standen Werke begabter Komponistinnen: Clara Schumann, Mel Bonis und Mary Ja\u00ebll.<\/p>\n<p>&nbsp;<\/p>\n<p><strong>07.05.2023:<\/strong><\/p>\n<p><strong>Klavierkonzert mit Gerhard Richner<\/strong><\/p>\n<p>Musik als Allgemeinbildung. Von Barock \u00fcber Klassik, Romantik bis Impressionismus<\/p>\n<ul>\n<li>Johann Seb. Bach : Partita 2, Schmieder-Verz.826, Sinfonia, Andante, Fuge<\/li>\n<li>Ludwig van Beethoven: Rondo C-Dur Op 51 Nr.1<\/li>\n<li>Wolfgang Amadeus Mozart: \u201eT\u00fcrkischer Marsch\u201c KV 331, Allegretto<\/li>\n<li>Ludwig van Beethoven: Mondschein-Sonate Op 27 Nr.2, Adagio sostenuto, Allegretto, Presto<\/li>\n<li>Joseph Haydn: Sonate C-Dur Hob. XVI 35, 1.Satz Allegro con brio<\/li>\n<li>Edvard Grieg: Hochzeit auf Troldhaugen, Tempo di marcia un poco vivace, un poco tranquilo<\/li>\n<li>Johannes Brahms: Walzer As-Dur Op.39 Nr.15<\/li>\n<li>Franz Schubert: Impromptu As-Dur Op.90 Nr. 4 D 899<\/li>\n<\/ul>\n<p>&nbsp;<\/p>\n<p><strong>19.03.2023:<\/strong><\/p>\n<p>Deb\u00fctkonzert der <strong>Preistr\u00e4ger des \u201eJugend musiziert\u201c-Wettbewerbs<\/strong><\/p>\n<p>&nbsp;<\/p>\n<p><strong>05.02.2023:<\/strong><\/p>\n<p>Konzert mit <strong>Septett der Rheinischen Philharmonie<\/strong><\/p>\n<p>&nbsp;<\/p>\n<p><strong>30.\/31.10.2022:<\/strong><\/p>\n<p>Gastkonzert <strong>Giulia Olivieri<\/strong> aus Matera\/ Italien<\/p>\n<p>&nbsp;<\/p>\n","protected":false},"excerpt":{"rendered":"<p>Im Kammermusiksaal des Mutter-Beethoven-Hauses finden regelm\u00e4\u00dfig Konzerte statt. Hier ein kleiner Auszug (Konzerte ab 2022): 21.12.2025: Geburtstagskonzert f\u00fcr die Mutter Beethovens 09.11.2025: Klavierkonzert Gerhard Richner Im Rahmen der Kunsttage Ehrenbreitstein machte Gerhard Richner, Pianist und langj\u00e4hriges Mitglied des F\u00f6rdervereins den Freunden und Freundinnen der Klaviermusik ein besonderes Geschenk. Er spielte ein umfangreiches Programm von Bach \u00fcber Beethoven und Schumann bis Chopin und Debussy. 26.10.2025: Klavier-Kabarett mit Dr. Eisel, Bonn Dr.Stephan Eisel ging in seinem &#8222;Beethoven-Bonnensis&#8220;-Konzert auch ausf\u00fchrlich auf das Leben der Mutter Beethovens, der Maria Magdalena,geb. Keverich, verwitwete Leym als Mitglied der kurf\u00fcrstlich-trierischen Residenz Ehrenbreitstein ein. Die Gelenkstelle zur kurf\u00fcrstlich-k\u00f6lnischen Residenz Bonn war der Ehrenbreitsteiner Verwandte Maria Magdalenas (Cousin 2. Grades) Johann Konrad Rovantini, der an eine besser besoldete Stelle nach Bonn gewechselt war, was die Verbinung zwischen Johann van Beethoven (Bonn) und Maria Magdalene (Ehrenbreitstein) einleitete. Rovantini war auch Lehrer des jungen Ludwig in Bonn 14.09.2025: Konzert Jade-Trio Im Anschluss an die Jahreshauptversammlung lud der F\u00f6rderverein des Mutter-Beethoven-Hauses zu einem Beethoven-Kammerkonzert mit dem \u201eJade-Trio\u201c ein. Dieses besteht aus Rosie Wludang \u2013 Violine, Keyi Miao \u2013 Cello und Zhuochang \u201cZoe\u201d Zhang \u2013 Piano. Gespielt wurden die Violin-Romanze in F Major, Op. 50, das Klavier-Trio No.3 in C-Moll, Op.1, No.3 und die Cello-Sonata No.3 in A-Dur, Op.69. Die Veranstaltung fand statt in Kooperation mit dem Verein Sino European Chambermusic e.V., der sich zum Ziel gesetzt hat, junge musikalische Talente u.a. aus dem ostasiatischen Raum einem interessierten Publikum vorzustellen. 11.05.2025: Kinsky-Trio Prag &nbsp; 16.03.2025: Debut-Konzert der Preistr\u00e4ger des Regionalwettbewerbs &#8222;Jugend musiziert&#8220; &nbsp; 16.02.2025: Cello-R\u00e9cital mit Yo\u00ebl Cantori (Violoncello) und Shenzi Liang (Klavier) &nbsp; 22.12.2024: anl\u00e4sslich des Geburtstages der Mutter Beethovens: Konzert mit Monika Contarino (Oboe) und Maurizio Deiana (Klavier) &nbsp; 06.10.2024 Konzert Trio Beethoven Kirill Terentiev (Violine), Yoel Cantori (Violoncello), Tania Sinelnikova (Klavier) &nbsp; 28.04.2024 Fr\u00fchlingskonzert mit Gerhard Richner mit Werken von H\u00e4ndel, Haydn, Mozart, Schubert, Chopin, Rachmaninov, Beethoven und J.S. Bach. &nbsp; 10.03.2024 Debutkonzert der Preistr\u00e4ger des Regionalwettbewerbs \u201eJugend musiziert\u201c &nbsp; 17.12.2023 Konzert Trio Martin Ebach: Musik, die Magdalena Keverich geh\u00f6rt haben k\u00f6nnte, mit Erl\u00e4uterungen zur Bekanntheit der St\u00fccke in dieser Zeit. P. Wranitzky: op. 3 Nr. 3 (Menuett) J. Haydn: Divertimento Hob. 53 (Allegro &#8211; Fuge) G.P. Telemann: Triosonate TWV 42:g10 (Cantabile) L. Boccherini: op. 14 Nr. 4 (Andantino) W.A. Mozart Divertimento KV 439b Nr. 4 Konzert Elfriede D\u00f6ll (Piano) und Gabriele Rott (Cello);\u00a0 \u201eLieder ohne Worte\u201c: Musikst\u00fccke von P. Tschaikowski, Melanie Bonis, F.\u00a0Mendelssohn-Bartholdy und S. Rachmaninow. &nbsp; 02.09.2023 (Internationaler Museumstag): Konzert Musikschule Koblenz: Klavier- und Violinenst\u00fccke, Beitr\u00e4ge der Gitarrenakademie Hofkonzert mit Duo con Moto: Sylvia Mel-Andr\u00e9 | Querfl\u00f6te Johannes Andr\u00e9 | Gitarre &nbsp; 18.05.2023: Konzert auf Einladung des italienischen Kulturvereins ALCI: Giulia Olivieri mit ihrer Mutter Paola Maria Montemurro Auf dem Programm standen Werke begabter Komponistinnen: Clara Schumann, Mel Bonis und Mary Ja\u00ebll. &nbsp; 07.05.2023: Klavierkonzert mit Gerhard Richner Musik als Allgemeinbildung. Von Barock \u00fcber Klassik, Romantik bis Impressionismus Johann Seb. Bach : Partita 2, Schmieder-Verz.826, Sinfonia, Andante, Fuge Ludwig van Beethoven: Rondo C-Dur Op 51 Nr.1 Wolfgang Amadeus Mozart: \u201eT\u00fcrkischer Marsch\u201c KV 331, Allegretto Ludwig van Beethoven: Mondschein-Sonate Op 27 Nr.2, Adagio sostenuto, Allegretto, Presto Joseph Haydn: Sonate C-Dur Hob. XVI 35, 1.Satz Allegro con brio Edvard Grieg: Hochzeit auf Troldhaugen, Tempo di marcia un poco vivace, un poco tranquilo Johannes Brahms: Walzer As-Dur Op.39 Nr.15 Franz Schubert: Impromptu As-Dur Op.90 Nr. 4 D 899 &nbsp; 19.03.2023: Deb\u00fctkonzert der Preistr\u00e4ger des \u201eJugend musiziert\u201c-Wettbewerbs &nbsp; 05.02.2023: Konzert mit Septett der Rheinischen Philharmonie &nbsp; 30.\/31.10.2022: Gastkonzert Giulia Olivieri aus Matera\/ Italien &nbsp;<\/p>\n","protected":false},"author":1,"featured_media":0,"parent":0,"menu_order":0,"comment_status":"closed","ping_status":"closed","template":"","meta":{"footnotes":""},"class_list":["post-826","page","type-page","status-publish","hentry"],"_links":{"self":[{"href":"https:\/\/www.mutter-beethoven-haus.de\/index.php?rest_route=\/wp\/v2\/pages\/826","targetHints":{"allow":["GET"]}}],"collection":[{"href":"https:\/\/www.mutter-beethoven-haus.de\/index.php?rest_route=\/wp\/v2\/pages"}],"about":[{"href":"https:\/\/www.mutter-beethoven-haus.de\/index.php?rest_route=\/wp\/v2\/types\/page"}],"author":[{"embeddable":true,"href":"https:\/\/www.mutter-beethoven-haus.de\/index.php?rest_route=\/wp\/v2\/users\/1"}],"replies":[{"embeddable":true,"href":"https:\/\/www.mutter-beethoven-haus.de\/index.php?rest_route=%2Fwp%2Fv2%2Fcomments&post=826"}],"version-history":[{"count":24,"href":"https:\/\/www.mutter-beethoven-haus.de\/index.php?rest_route=\/wp\/v2\/pages\/826\/revisions"}],"predecessor-version":[{"id":1261,"href":"https:\/\/www.mutter-beethoven-haus.de\/index.php?rest_route=\/wp\/v2\/pages\/826\/revisions\/1261"}],"wp:attachment":[{"href":"https:\/\/www.mutter-beethoven-haus.de\/index.php?rest_route=%2Fwp%2Fv2%2Fmedia&parent=826"}],"curies":[{"name":"wp","href":"https:\/\/api.w.org\/{rel}","templated":true}]}}