{"id":70,"date":"2021-11-27T16:16:30","date_gmt":"2021-11-27T15:16:30","guid":{"rendered":"https:\/\/www.endkorrektur.de\/Beethoven\/?page_id=70"},"modified":"2025-01-21T15:14:08","modified_gmt":"2025-01-21T14:14:08","slug":"vereinschronik","status":"publish","type":"page","link":"https:\/\/www.mutter-beethoven-haus.de\/?page_id=70","title":{"rendered":"Vereinschronik"},"content":{"rendered":"\r\n<p style=\"text-align: center;\">Informieren Sie sich <a href=\"https:\/\/www.mutter-beethoven-haus.de\/PDF\/2025_01_21_Vereins-Chronik.pdf\">hier<\/a> \u00fcber unsere vielf\u00e4ltigen Aktivit\u00e4ten in der Vergangenheit.<\/p>\r\n\r\n\r\n\r\n\r\n","protected":false},"excerpt":{"rendered":"<p>Informieren Sie sich hier \u00fcber unsere vielf\u00e4ltigen Aktivit\u00e4ten in der Vergangenheit.<\/p>\n","protected":false},"author":1,"featured_media":0,"parent":0,"menu_order":0,"comment_status":"closed","ping_status":"closed","template":"","meta":{"footnotes":""},"class_list":["post-70","page","type-page","status-publish","hentry"],"_links":{"self":[{"href":"https:\/\/www.mutter-beethoven-haus.de\/index.php?rest_route=\/wp\/v2\/pages\/70","targetHints":{"allow":["GET"]}}],"collection":[{"href":"https:\/\/www.mutter-beethoven-haus.de\/index.php?rest_route=\/wp\/v2\/pages"}],"about":[{"href":"https:\/\/www.mutter-beethoven-haus.de\/index.php?rest_route=\/wp\/v2\/types\/page"}],"author":[{"embeddable":true,"href":"https:\/\/www.mutter-beethoven-haus.de\/index.php?rest_route=\/wp\/v2\/users\/1"}],"replies":[{"embeddable":true,"href":"https:\/\/www.mutter-beethoven-haus.de\/index.php?rest_route=%2Fwp%2Fv2%2Fcomments&post=70"}],"version-history":[{"count":20,"href":"https:\/\/www.mutter-beethoven-haus.de\/index.php?rest_route=\/wp\/v2\/pages\/70\/revisions"}],"predecessor-version":[{"id":1089,"href":"https:\/\/www.mutter-beethoven-haus.de\/index.php?rest_route=\/wp\/v2\/pages\/70\/revisions\/1089"}],"wp:attachment":[{"href":"https:\/\/www.mutter-beethoven-haus.de\/index.php?rest_route=%2Fwp%2Fv2%2Fmedia&parent=70"}],"curies":[{"name":"wp","href":"https:\/\/api.w.org\/{rel}","templated":true}]}}