{"id":7,"date":"2021-11-27T16:14:13","date_gmt":"2021-11-27T15:14:13","guid":{"rendered":"https:\/\/www.endkorrektur.de\/Beethoven\/?page_id=7"},"modified":"2024-02-12T21:08:50","modified_gmt":"2024-02-12T20:08:50","slug":"gebaeude","status":"publish","type":"page","link":"https:\/\/www.mutter-beethoven-haus.de\/?page_id=7","title":{"rendered":"Geb\u00e4ude"},"content":{"rendered":"<div class=\"elementor-element elementor-element-b2acf84 elementor-widget elementor-widget-text-editor\" data-id=\"b2acf84\" data-element_type=\"widget\" data-widget_type=\"text-editor.default\">\n<div class=\"elementor-widget-container\">\n<div id='gallery-1' class='gallery galleryid-7 gallery-columns-2 gallery-size-full'><figure class='gallery-item'>\n\t\t\t<div class='gallery-icon landscape'>\n\t\t\t\t<img loading=\"lazy\" decoding=\"async\" width=\"768\" height=\"576\" src=\"https:\/\/www.mutter-beethoven-haus.de\/wp-content\/uploads\/2024\/02\/MBH-aussen-768x576-1.jpg\" class=\"attachment-full size-full\" alt=\"\" aria-describedby=\"gallery-1-518\" srcset=\"https:\/\/www.mutter-beethoven-haus.de\/wp-content\/uploads\/2024\/02\/MBH-aussen-768x576-1.jpg 768w, https:\/\/www.mutter-beethoven-haus.de\/wp-content\/uploads\/2024\/02\/MBH-aussen-768x576-1-300x225.jpg 300w\" sizes=\"auto, (max-width: 768px) 100vw, 768px\" \/>\n\t\t\t<\/div>\n\t\t\t\t<figcaption class='wp-caption-text gallery-caption' id='gallery-1-518'>\n\t\t\t\tAu\u00dfenansicht\n\t\t\t\t<\/figcaption><\/figure><figure class='gallery-item'>\n\t\t\t<div class='gallery-icon landscape'>\n\t\t\t\t<img loading=\"lazy\" decoding=\"async\" width=\"768\" height=\"576\" src=\"https:\/\/www.mutter-beethoven-haus.de\/wp-content\/uploads\/2024\/02\/MBH-03-768x576-1.jpg\" class=\"attachment-full size-full\" alt=\"\" aria-describedby=\"gallery-1-521\" srcset=\"https:\/\/www.mutter-beethoven-haus.de\/wp-content\/uploads\/2024\/02\/MBH-03-768x576-1.jpg 768w, https:\/\/www.mutter-beethoven-haus.de\/wp-content\/uploads\/2024\/02\/MBH-03-768x576-1-300x225.jpg 300w\" sizes=\"auto, (max-width: 768px) 100vw, 768px\" \/>\n\t\t\t<\/div>\n\t\t\t\t<figcaption class='wp-caption-text gallery-caption' id='gallery-1-521'>\n\t\t\t\tInnenansicht\n\t\t\t\t<\/figcaption><\/figure>\n\t\t<\/div>\n\n<p style=\"text-align: justify;\">Das Haus, in dem Ludwig van Beethovens Mutter geboren wurde, entstand im 17. Jahrhundert. Urspr\u00fcnglich bestand es aus einem Erdgeschoss in massivem Bruchstein und einem Obergeschoss in Fachwerkbauweise. Im 18. Jahrhundert erfolgte eine Umgestaltung, bei der die Fassade der damaligen Mode entsprechend komplett verputzt wurde. In diesem Zustand wurde das Geb\u00e4ude bis ins 20. Jahrhundert hinein bewohnt. 1960 erwarb es die Stadt Koblenz und richtete hier gemeinsam mit der auf Initiative der Familie Wegeler gegr\u00fcndeten Deinhard-Stiftung eine Beethoven-Gedenkst\u00e4tte ein. Diese wurde 1975 er\u00f6ffnet. Nach schweren Besch\u00e4digungen durch einen Brand wurde der Bau 1987\u20131989 saniert und das Hinterhaus mit einem Kammermusiksaal angegliedert. Heute ist das Museum Mutter-Beethoven-Haus eine Zweigstelle des Mittelrhein-Museums Koblenz, in der Exponate zur Geschichte Ehrenbreitsteins als kurf\u00fcrstliche Residenzstadt und zur b\u00fcrgerlichen Welt der Beethoven-Zeit pr\u00e4sentiert werden. Zugleich wird an bedeutende Pers\u00f6nlichkeiten aus der Kultur erinnert, die in Ehrenbreitstein und Koblenz lebten \u2013 wie die Schriftstellerin Sophie von La Roche (1730\u20131807), der Dichter Clemens Brentano (1778\u20131842) oder die Sopranistin Henriette Sonntag (1806\u20131854).<\/p>\n<p style=\"text-align: justify;\">(aus: Museumsflyer des Mutter-Beethoven-Hauses, Herausgeber: Mittelrhein-Museum Koblenz)<\/p>\n<\/div>\n<\/div>\n","protected":false},"excerpt":{"rendered":"<p>Das Haus, in dem Ludwig van Beethovens Mutter geboren wurde, entstand im 17. Jahrhundert. Urspr\u00fcnglich bestand es aus einem Erdgeschoss in massivem Bruchstein und einem Obergeschoss in Fachwerkbauweise. Im 18. Jahrhundert erfolgte eine Umgestaltung, bei der die Fassade der damaligen Mode entsprechend komplett verputzt wurde. In diesem Zustand wurde das Geb\u00e4ude bis ins 20. Jahrhundert hinein bewohnt. 1960 erwarb es die Stadt Koblenz und richtete hier gemeinsam mit der auf Initiative der Familie Wegeler gegr\u00fcndeten Deinhard-Stiftung eine Beethoven-Gedenkst\u00e4tte ein. Diese wurde 1975 er\u00f6ffnet. Nach schweren Besch\u00e4digungen durch einen Brand wurde der Bau 1987\u20131989 saniert und das Hinterhaus mit einem Kammermusiksaal angegliedert. Heute ist das Museum Mutter-Beethoven-Haus eine Zweigstelle des Mittelrhein-Museums Koblenz, in der Exponate zur Geschichte Ehrenbreitsteins als kurf\u00fcrstliche Residenzstadt und zur b\u00fcrgerlichen Welt der Beethoven-Zeit pr\u00e4sentiert werden. Zugleich wird an bedeutende Pers\u00f6nlichkeiten aus der Kultur erinnert, die in Ehrenbreitstein und Koblenz lebten \u2013 wie die Schriftstellerin Sophie von La Roche (1730\u20131807), der Dichter Clemens Brentano (1778\u20131842) oder die Sopranistin Henriette Sonntag (1806\u20131854). (aus: Museumsflyer des Mutter-Beethoven-Hauses, Herausgeber: Mittelrhein-Museum Koblenz)<\/p>\n","protected":false},"author":1,"featured_media":0,"parent":0,"menu_order":0,"comment_status":"closed","ping_status":"closed","template":"","meta":{"footnotes":""},"class_list":["post-7","page","type-page","status-publish","hentry"],"_links":{"self":[{"href":"https:\/\/www.mutter-beethoven-haus.de\/index.php?rest_route=\/wp\/v2\/pages\/7","targetHints":{"allow":["GET"]}}],"collection":[{"href":"https:\/\/www.mutter-beethoven-haus.de\/index.php?rest_route=\/wp\/v2\/pages"}],"about":[{"href":"https:\/\/www.mutter-beethoven-haus.de\/index.php?rest_route=\/wp\/v2\/types\/page"}],"author":[{"embeddable":true,"href":"https:\/\/www.mutter-beethoven-haus.de\/index.php?rest_route=\/wp\/v2\/users\/1"}],"replies":[{"embeddable":true,"href":"https:\/\/www.mutter-beethoven-haus.de\/index.php?rest_route=%2Fwp%2Fv2%2Fcomments&post=7"}],"version-history":[{"count":11,"href":"https:\/\/www.mutter-beethoven-haus.de\/index.php?rest_route=\/wp\/v2\/pages\/7\/revisions"}],"predecessor-version":[{"id":649,"href":"https:\/\/www.mutter-beethoven-haus.de\/index.php?rest_route=\/wp\/v2\/pages\/7\/revisions\/649"}],"wp:attachment":[{"href":"https:\/\/www.mutter-beethoven-haus.de\/index.php?rest_route=%2Fwp%2Fv2%2Fmedia&parent=7"}],"curies":[{"name":"wp","href":"https:\/\/api.w.org\/{rel}","templated":true}]}}