{"id":56,"date":"2021-11-27T16:16:20","date_gmt":"2021-11-27T15:16:20","guid":{"rendered":"https:\/\/www.endkorrektur.de\/Beethoven\/?page_id=56"},"modified":"2025-05-22T20:27:16","modified_gmt":"2025-05-22T18:27:16","slug":"verein","status":"publish","type":"page","link":"https:\/\/www.mutter-beethoven-haus.de\/?page_id=56","title":{"rendered":"Verein"},"content":{"rendered":"<section data-id=\"7b3ebf6\" data-element_type=\"section\"><\/section>\n<p style=\"text-align: center;\"><strong>Vorstand<\/strong><\/p>\n<p><img loading=\"lazy\" decoding=\"async\" class=\"wp-image-972 aligncenter\" src=\"https:\/\/www.mutter-beethoven-haus.de\/wp-content\/uploads\/2024\/09\/2024-Vorstand-JHV-07.09.2024-Presse_bearb.png\" alt=\"\" width=\"749\" height=\"499\" srcset=\"https:\/\/www.mutter-beethoven-haus.de\/wp-content\/uploads\/2024\/09\/2024-Vorstand-JHV-07.09.2024-Presse_bearb.png 3580w, https:\/\/www.mutter-beethoven-haus.de\/wp-content\/uploads\/2024\/09\/2024-Vorstand-JHV-07.09.2024-Presse_bearb-300x200.png 300w, https:\/\/www.mutter-beethoven-haus.de\/wp-content\/uploads\/2024\/09\/2024-Vorstand-JHV-07.09.2024-Presse_bearb-1024x683.png 1024w, https:\/\/www.mutter-beethoven-haus.de\/wp-content\/uploads\/2024\/09\/2024-Vorstand-JHV-07.09.2024-Presse_bearb-768x512.png 768w, https:\/\/www.mutter-beethoven-haus.de\/wp-content\/uploads\/2024\/09\/2024-Vorstand-JHV-07.09.2024-Presse_bearb-1536x1025.png 1536w, https:\/\/www.mutter-beethoven-haus.de\/wp-content\/uploads\/2024\/09\/2024-Vorstand-JHV-07.09.2024-Presse_bearb-2048x1366.png 2048w, https:\/\/www.mutter-beethoven-haus.de\/wp-content\/uploads\/2024\/09\/2024-Vorstand-JHV-07.09.2024-Presse_bearb-1140x760.png 1140w\" sizes=\"auto, (max-width: 749px) 100vw, 749px\" \/><\/p>\n<p style=\"text-align: center;\">Der Vorstand des F\u00f6rdervereins (von links nach rechts):<br \/>\nRegina Walter, Manfred Diehl, Dr. Joachim Kneis, Norbert Simon, Dr. Gabriele Rott, Kai-Thomas Willig (ehemaliger Vorsitzender)<\/p>\n<section data-id=\"7b3ebf6\" data-element_type=\"section\"><\/section>\n<section data-id=\"7b3ebf6\" data-element_type=\"section\"><\/section>\n<section data-id=\"7b3ebf6\" data-element_type=\"section\"><\/section>\n<section data-id=\"7b3ebf6\" data-element_type=\"section\"><\/section>\n<section data-id=\"7b3ebf6\" data-element_type=\"section\"><strong>\u00a0<\/strong><\/section>\n<section data-id=\"7b3ebf6\" data-element_type=\"section\">\n<p style=\"text-align: center;\"><strong>Vereinsgr\u00fcndung<\/strong><\/p>\n<p style=\"text-align: left;\">Am 24. August 2011 trafen sich zuk\u00fcnftige F\u00f6rderer\u00a0 zur Gr\u00fcndung eines F\u00f6rdervereins im Konzertsaal des Mutter-Beethoven-Hauses in Ehrenbreitstein. Der Verein &#8222;F\u00f6rderer Mutter-Beethoven-Haus&#8220; wurde gegr\u00fcndet, der Vorstand wurde von den Anwesenden einstimmig gew\u00e4hlt.<\/p>\n<p style=\"text-align: left;\">Die Satzung wurde zuletzt am 19.11.2011 ge\u00e4ndert und kann <a href=\"http:\/\/www.mutter-beethoven-haus.de\/PDF\/Satzung.pdf\">hier<\/a> als PDF Dokument eingesehen und heruntergeladen werden.<\/p>\n<p style=\"text-align: left;\">Sie k\u00f6nnen als Mitglied, aber auch als Nichtmitglied einen Beitrag zur Erhaltung des Mutter-Beethoven-Hauses leisten.<\/p>\n<\/section>\n<section data-id=\"7b3ebf6\" data-element_type=\"section\"><\/section>\n<section data-id=\"7b3ebf6\" data-element_type=\"section\"><strong>Unser Vereins- und Spendenkonto:<\/strong><\/section>\n<section data-id=\"7b3ebf6\" data-element_type=\"section\"><\/section>\n<section data-id=\"7b3ebf6\" data-element_type=\"section\">Sparkasse Koblenz<\/section>\n<section data-id=\"7b3ebf6\" data-element_type=\"section\">BLZ 570 501 20<\/section>\n<section data-id=\"7b3ebf6\" data-element_type=\"section\">Konto 332288<\/section>\n<section data-id=\"7b3ebf6\" data-element_type=\"section\">IBAN DE66570501200000332288<\/section>\n<section data-id=\"7b3ebf6\" data-element_type=\"section\">BIC MALADE51KOB<\/section>\n<section data-id=\"7b3ebf6\" data-element_type=\"section\"><\/section>\n<section data-id=\"7b3ebf6\" data-element_type=\"section\"><strong>\u00a0<\/strong><\/section>\n","protected":false},"excerpt":{"rendered":"<p>Vorstand Der Vorstand des F\u00f6rdervereins (von links nach rechts): Regina Walter, Manfred Diehl, Dr. Joachim Kneis, Norbert Simon, Dr. Gabriele Rott, Kai-Thomas Willig (ehemaliger Vorsitzender) \u00a0 Vereinsgr\u00fcndung Am 24. August 2011 trafen sich zuk\u00fcnftige F\u00f6rderer\u00a0 zur Gr\u00fcndung eines F\u00f6rdervereins im Konzertsaal des Mutter-Beethoven-Hauses in Ehrenbreitstein. Der Verein &#8222;F\u00f6rderer Mutter-Beethoven-Haus&#8220; wurde gegr\u00fcndet, der Vorstand wurde von den Anwesenden einstimmig gew\u00e4hlt. Die Satzung wurde zuletzt am 19.11.2011 ge\u00e4ndert und kann hier als PDF Dokument eingesehen und heruntergeladen werden. Sie k\u00f6nnen als Mitglied, aber auch als Nichtmitglied einen Beitrag zur Erhaltung des Mutter-Beethoven-Hauses leisten. Unser Vereins- und Spendenkonto: Sparkasse Koblenz BLZ 570 501 20 Konto 332288 IBAN DE66570501200000332288 BIC MALADE51KOB \u00a0<\/p>\n","protected":false},"author":1,"featured_media":0,"parent":0,"menu_order":0,"comment_status":"closed","ping_status":"closed","template":"","meta":{"footnotes":""},"class_list":["post-56","page","type-page","status-publish","hentry"],"_links":{"self":[{"href":"https:\/\/www.mutter-beethoven-haus.de\/index.php?rest_route=\/wp\/v2\/pages\/56","targetHints":{"allow":["GET"]}}],"collection":[{"href":"https:\/\/www.mutter-beethoven-haus.de\/index.php?rest_route=\/wp\/v2\/pages"}],"about":[{"href":"https:\/\/www.mutter-beethoven-haus.de\/index.php?rest_route=\/wp\/v2\/types\/page"}],"author":[{"embeddable":true,"href":"https:\/\/www.mutter-beethoven-haus.de\/index.php?rest_route=\/wp\/v2\/users\/1"}],"replies":[{"embeddable":true,"href":"https:\/\/www.mutter-beethoven-haus.de\/index.php?rest_route=%2Fwp%2Fv2%2Fcomments&post=56"}],"version-history":[{"count":51,"href":"https:\/\/www.mutter-beethoven-haus.de\/index.php?rest_route=\/wp\/v2\/pages\/56\/revisions"}],"predecessor-version":[{"id":1161,"href":"https:\/\/www.mutter-beethoven-haus.de\/index.php?rest_route=\/wp\/v2\/pages\/56\/revisions\/1161"}],"wp:attachment":[{"href":"https:\/\/www.mutter-beethoven-haus.de\/index.php?rest_route=%2Fwp%2Fv2%2Fmedia&parent=56"}],"curies":[{"name":"wp","href":"https:\/\/api.w.org\/{rel}","templated":true}]}}