{"id":52,"date":"2021-11-27T16:13:33","date_gmt":"2021-11-27T15:13:33","guid":{"rendered":"https:\/\/www.endkorrektur.de\/Beethoven\/?page_id=52"},"modified":"2024-02-13T20:09:16","modified_gmt":"2024-02-13T19:09:16","slug":"ludwig-van-beethoven","status":"publish","type":"page","link":"https:\/\/www.mutter-beethoven-haus.de\/?page_id=52","title":{"rendered":"Ludwig van Beethoven"},"content":{"rendered":"<section class=\"elementor-section elementor-top-section elementor-element elementor-element-37b001a elementor-section-boxed elementor-section-height-default elementor-section-height-default\" data-id=\"37b001a\" data-element_type=\"section\">\n<div class=\"elementor-container elementor-column-gap-default\">\n<div class=\"elementor-column elementor-col-50 elementor-top-column elementor-element elementor-element-fa8ba60\" data-id=\"fa8ba60\" data-element_type=\"column\">\n<div class=\"elementor-widget-wrap elementor-element-populated\">\n<div class=\"elementor-element elementor-element-bc72865 elementor-widget elementor-widget-text-editor\" data-id=\"bc72865\" data-element_type=\"widget\" data-widget_type=\"text-editor.default\">\n<div class=\"elementor-widget-container\">\n<figure id=\"attachment_481\" aria-describedby=\"caption-attachment-481\" style=\"width: 500px\" class=\"wp-caption aligncenter\"><img loading=\"lazy\" decoding=\"async\" class=\" wp-image-481\" src=\"https:\/\/www.endkorrektur.de\/Beethoven\/wp-content\/uploads\/2024\/02\/Beethoven2-220x300.jpeg\" alt=\"\" width=\"500\" height=\"682\" srcset=\"https:\/\/www.mutter-beethoven-haus.de\/wp-content\/uploads\/2024\/02\/Beethoven2-220x300.jpeg 220w, https:\/\/www.mutter-beethoven-haus.de\/wp-content\/uploads\/2024\/02\/Beethoven2-750x1024.jpeg 750w, https:\/\/www.mutter-beethoven-haus.de\/wp-content\/uploads\/2024\/02\/Beethoven2-768x1049.jpeg 768w, https:\/\/www.mutter-beethoven-haus.de\/wp-content\/uploads\/2024\/02\/Beethoven2-1125x1536.jpeg 1125w, https:\/\/www.mutter-beethoven-haus.de\/wp-content\/uploads\/2024\/02\/Beethoven2-1500x2048.jpeg 1500w, https:\/\/www.mutter-beethoven-haus.de\/wp-content\/uploads\/2024\/02\/Beethoven2-1140x1557.jpeg 1140w, https:\/\/www.mutter-beethoven-haus.de\/wp-content\/uploads\/2024\/02\/Beethoven2-rotated.jpeg 1518w\" sizes=\"auto, (max-width: 500px) 100vw, 500px\" \/><figcaption id=\"caption-attachment-481\" class=\"wp-caption-text\">Friedrich D\u00fcrck, Ludwig van Beethoven mit dem Manuskript der Missa Solemnis, Beethoven-Haus Bonn<\/figcaption><\/figure>\n<p style=\"text-align: justify;\">Beethoven wurde 1770 in Bonn geboren und gilt als einer der herausragendsten Komponisten der abendl\u00e4ndischen Musikgeschichte. Von seinem Vater ausgebildet, trat er mit acht Jahren 1778 erstmals in einem Konzert in K\u00f6ln als Pianist auf. Bereits im Alter von dreizehn Jahren \u2013 im Juni 1784 \u2013 trat er eine feste Stelle als Organist am Hofe von Kurf\u00fcrst Maximilian Franz, einem Sohn von Maria Theresia, in dessen Residenzstadt Bonn an. Seit 1782 war er mit der Bonner B\u00fcrgerfamilie Wegeler und insbesondere mit dem f\u00fcnf Jahre \u00e4lteren Sohn Franz Gerhard Wegeler (1765\u20131848) befreundet, diese Freundschaft w\u00e4hrte ein Leben lang. Wegeler f\u00fchrte den jungen Musiker bei der wohlhabenden Familie von Breuning ein, wo Beethoven in Helene von Breuning (1750\u20131838) eine f\u00fcr seine Entwicklung au\u00dferordentlich wichtige Pers\u00f6nlichkeit fand, die speziell in der Zeit nach dem Tod seiner eigenen Mutter eine seiner Hauptbezugspersonen wurde.<\/p>\n<p style=\"text-align: justify;\">Im M\u00e4rz 1795 fand Beethovens erster \u00f6ffentlicher Auftritt im Wiener Burgtheater statt. Im Januar 1803 erhielt er eine Anstellung als Komponist am \u201eTheater an der Wien\u201c und wurde 1815 zum Ehrenb\u00fcrger Wiens erkl\u00e4rt. Seit Februar 1818 zwang ihn die stetig zunehmende Taubheit, Konversationshefte zu benutzen, kleine Notizb\u00fccher, die er st\u00e4ndig bei sich f\u00fchrte. Im Dezember 1826 erkrankte Beethoven schwer. Er verstarb am Sp\u00e4tnachmittag des 26. M\u00e4rz. Ludwig van Beethoven komponierte zahlreiche Klavier- und Violinsonaten, Kantaten, Streichquartette, Lieder, die Oper \u201eFidelio\u201c und steigerte besonders die Symphonie zu h\u00f6chster Vollendung.<\/p>\n<p style=\"text-align: justify;\">In Ehrenbreitstein, der Geburtsstadt seiner Mutter, war Beethoven nur wenige Male: 1787 auf der Reise nach Wien, 1791 bei einer Reise der Bonner Hofkapelle \u00fcber Koblenz nach Bad Mergentheim und 1792 erneut auf dem Weg nach Wien.<\/p>\n<p style=\"text-align: justify;\">\n<\/div>\n<\/div>\n<\/div>\n<\/div>\n<\/div>\n<\/section>\n<section class=\"elementor-section elementor-top-section elementor-element elementor-element-8d743b1 elementor-section-boxed elementor-section-height-default elementor-section-height-default\" data-id=\"8d743b1\" data-element_type=\"section\">\n<div class=\"elementor-container elementor-column-gap-default\">\n<div class=\"elementor-column elementor-col-100 elementor-top-column elementor-element elementor-element-f549af2\" data-id=\"f549af2\" data-element_type=\"column\">\n<div class=\"elementor-widget-wrap elementor-element-populated\">\n<div class=\"elementor-element elementor-element-877b311 elementor-widget elementor-widget-text-editor\" data-id=\"877b311\" data-element_type=\"widget\" data-widget_type=\"text-editor.default\">\n<div class=\"elementor-widget-container\">\n<p style=\"text-align: justify;\">(Bildquelle: Beethoven-Haus Bonn, Dauerleihgabe der Julius-Wegelerschen Familienstiftung (entnommen aus: K\u00e4mpken, N. und Bettermann, S.: Franz Gerhard Wegeler und seine Familie \u2013 Musik und Kulturpflege in Koblenz. In: von der Bank, M. [Hrsg.][2020]: Museum Mutter-Beethoven-Haus. Petersberg 2020)<\/p>\n<\/div>\n<\/div>\n<\/div>\n<\/div>\n<\/div>\n<\/section>\n","protected":false},"excerpt":{"rendered":"<p>Beethoven wurde 1770 in Bonn geboren und gilt als einer der herausragendsten Komponisten der abendl\u00e4ndischen Musikgeschichte. Von seinem Vater ausgebildet, trat er mit acht Jahren 1778 erstmals in einem Konzert in K\u00f6ln als Pianist auf. Bereits im Alter von dreizehn Jahren \u2013 im Juni 1784 \u2013 trat er eine feste Stelle als Organist am Hofe von Kurf\u00fcrst Maximilian Franz, einem Sohn von Maria Theresia, in dessen Residenzstadt Bonn an. Seit 1782 war er mit der Bonner B\u00fcrgerfamilie Wegeler und insbesondere mit dem f\u00fcnf Jahre \u00e4lteren Sohn Franz Gerhard Wegeler (1765\u20131848) befreundet, diese Freundschaft w\u00e4hrte ein Leben lang. Wegeler f\u00fchrte den jungen Musiker bei der wohlhabenden Familie von Breuning ein, wo Beethoven in Helene von Breuning (1750\u20131838) eine f\u00fcr seine Entwicklung au\u00dferordentlich wichtige Pers\u00f6nlichkeit fand, die speziell in der Zeit nach dem Tod seiner eigenen Mutter eine seiner Hauptbezugspersonen wurde. Im M\u00e4rz 1795 fand Beethovens erster \u00f6ffentlicher Auftritt im Wiener Burgtheater statt. Im Januar 1803 erhielt er eine Anstellung als Komponist am \u201eTheater an der Wien\u201c und wurde 1815 zum Ehrenb\u00fcrger Wiens erkl\u00e4rt. Seit Februar 1818 zwang ihn die stetig zunehmende Taubheit, Konversationshefte zu benutzen, kleine Notizb\u00fccher, die er st\u00e4ndig bei sich f\u00fchrte. Im Dezember 1826 erkrankte Beethoven schwer. Er verstarb am Sp\u00e4tnachmittag des 26. M\u00e4rz. Ludwig van Beethoven komponierte zahlreiche Klavier- und Violinsonaten, Kantaten, Streichquartette, Lieder, die Oper \u201eFidelio\u201c und steigerte besonders die Symphonie zu h\u00f6chster Vollendung. In Ehrenbreitstein, der Geburtsstadt seiner Mutter, war Beethoven nur wenige Male: 1787 auf der Reise nach Wien, 1791 bei einer Reise der Bonner Hofkapelle \u00fcber Koblenz nach Bad Mergentheim und 1792 erneut auf dem Weg nach Wien. (Bildquelle: Beethoven-Haus Bonn, Dauerleihgabe der Julius-Wegelerschen Familienstiftung (entnommen aus: K\u00e4mpken, N. und Bettermann, S.: Franz Gerhard Wegeler und seine Familie \u2013 Musik und Kulturpflege in Koblenz. In: von der Bank, M. [Hrsg.][2020]: Museum Mutter-Beethoven-Haus. Petersberg 2020)<\/p>\n","protected":false},"author":1,"featured_media":0,"parent":0,"menu_order":0,"comment_status":"closed","ping_status":"closed","template":"","meta":{"footnotes":""},"class_list":["post-52","page","type-page","status-publish","hentry"],"_links":{"self":[{"href":"https:\/\/www.mutter-beethoven-haus.de\/index.php?rest_route=\/wp\/v2\/pages\/52","targetHints":{"allow":["GET"]}}],"collection":[{"href":"https:\/\/www.mutter-beethoven-haus.de\/index.php?rest_route=\/wp\/v2\/pages"}],"about":[{"href":"https:\/\/www.mutter-beethoven-haus.de\/index.php?rest_route=\/wp\/v2\/types\/page"}],"author":[{"embeddable":true,"href":"https:\/\/www.mutter-beethoven-haus.de\/index.php?rest_route=\/wp\/v2\/users\/1"}],"replies":[{"embeddable":true,"href":"https:\/\/www.mutter-beethoven-haus.de\/index.php?rest_route=%2Fwp%2Fv2%2Fcomments&post=52"}],"version-history":[{"count":8,"href":"https:\/\/www.mutter-beethoven-haus.de\/index.php?rest_route=\/wp\/v2\/pages\/52\/revisions"}],"predecessor-version":[{"id":763,"href":"https:\/\/www.mutter-beethoven-haus.de\/index.php?rest_route=\/wp\/v2\/pages\/52\/revisions\/763"}],"wp:attachment":[{"href":"https:\/\/www.mutter-beethoven-haus.de\/index.php?rest_route=%2Fwp%2Fv2%2Fmedia&parent=52"}],"curies":[{"name":"wp","href":"https:\/\/api.w.org\/{rel}","templated":true}]}}