{"id":50,"date":"2021-11-27T16:14:57","date_gmt":"2021-11-27T15:14:57","guid":{"rendered":"https:\/\/www.endkorrektur.de\/Beethoven\/?page_id=50"},"modified":"2024-02-13T20:10:08","modified_gmt":"2024-02-13T19:10:08","slug":"maria-magdalena-van-beethoven","status":"publish","type":"page","link":"https:\/\/www.mutter-beethoven-haus.de\/?page_id=50","title":{"rendered":"Maria Magdalena van Beethoven"},"content":{"rendered":"<figure id=\"attachment_479\" aria-describedby=\"caption-attachment-479\" style=\"width: 500px\" class=\"wp-caption aligncenter\"><img loading=\"lazy\" decoding=\"async\" class=\"wp-image-479\" src=\"https:\/\/www.endkorrektur.de\/Beethoven\/wp-content\/uploads\/2024\/02\/Mu-Beeth-Gemaelde-Modell-Sabine-Cewinsky-300x254.jpg\" alt=\"\" width=\"500\" height=\"423\" srcset=\"https:\/\/www.mutter-beethoven-haus.de\/wp-content\/uploads\/2024\/02\/Mu-Beeth-Gemaelde-Modell-Sabine-Cewinsky-300x254.jpg 300w, https:\/\/www.mutter-beethoven-haus.de\/wp-content\/uploads\/2024\/02\/Mu-Beeth-Gemaelde-Modell-Sabine-Cewinsky-1024x866.jpg 1024w, https:\/\/www.mutter-beethoven-haus.de\/wp-content\/uploads\/2024\/02\/Mu-Beeth-Gemaelde-Modell-Sabine-Cewinsky-768x650.jpg 768w, https:\/\/www.mutter-beethoven-haus.de\/wp-content\/uploads\/2024\/02\/Mu-Beeth-Gemaelde-Modell-Sabine-Cewinsky-1536x1299.jpg 1536w, https:\/\/www.mutter-beethoven-haus.de\/wp-content\/uploads\/2024\/02\/Mu-Beeth-Gemaelde-Modell-Sabine-Cewinsky-1140x964.jpg 1140w, https:\/\/www.mutter-beethoven-haus.de\/wp-content\/uploads\/2024\/02\/Mu-Beeth-Gemaelde-Modell-Sabine-Cewinsky.jpg 1876w\" sizes=\"auto, (max-width: 500px) 100vw, 500px\" \/><figcaption id=\"caption-attachment-479\" class=\"wp-caption-text\">Projekt \u201eBildnis der Mutter-Beethoven\u201c(fiktiv) des K\u00fcnstlers <a href=\"https:\/\/www.eliasart.de\/aktionen-ab-2010\/\">Elias Maya.<\/a><\/figcaption><\/figure>\n<p style=\"text-align: justify;\">Obwohl kein Portrait von Maria Magdalena van Beethoven, geb. Keverich (1746\u20131787) existiert und keine Objekte aus ihrem Leben enthalten sind, ist aus Archivalien und Berichten ihrer Zeitgenossen vieles \u00fcber sie bekannt. Als j\u00fcngstes Kind des kurf\u00fcrstlichen Oberhofkochs Johann Heinrich Keverich (1702\u20131759) und seiner Frau Anna Clara, geb. Westorff (1707\u20131768) geh\u00f6rte sie in Ehrenbreitstein zum angesehenen B\u00fcrgertum. Im Alter von 16 Jahren heiratete sie den kurf\u00fcrstlichen Kammerherrn Johan Georg Leym (1733\u20131765), der jedoch (ebenso wie ihr gemeinsamer Sohn) bereits wenig sp\u00e4ter starb. 1767 ging Maria Magdalena mit dem Bonner Hofmusiker Johann van Beethoven (um 1740\u20131792) eine zweite Ehe ein. Sie \u00fcbersiedelte mit ihrem Mann nach Bonn, wo sie insgesamt sieben Kinder zur Welt brachte, von denen jedoch nur drei das Erwachsenenalter erlebten \u2013 darunter der Komponist Ludwig van Beethoven (1770\u20131827). Er hing sehr an seiner Mutter und schrieb nach ihrem Tod in einem Brief \u00fcber sie: \u201esie war mir eine so gute und liebensw\u00fcrdige mutter, meine beste freundin\u201c.<\/p>\n<p>(aus: Museumsflyer zum Mutter-Beethoven-Haus, Herausgeber: Mittelrhein-Museum Koblenz)<\/p>\n","protected":false},"excerpt":{"rendered":"<p>Obwohl kein Portrait von Maria Magdalena van Beethoven, geb. Keverich (1746\u20131787) existiert und keine Objekte aus ihrem Leben enthalten sind, ist aus Archivalien und Berichten ihrer Zeitgenossen vieles \u00fcber sie bekannt. Als j\u00fcngstes Kind des kurf\u00fcrstlichen Oberhofkochs Johann Heinrich Keverich (1702\u20131759) und seiner Frau Anna Clara, geb. Westorff (1707\u20131768) geh\u00f6rte sie in Ehrenbreitstein zum angesehenen B\u00fcrgertum. Im Alter von 16 Jahren heiratete sie den kurf\u00fcrstlichen Kammerherrn Johan Georg Leym (1733\u20131765), der jedoch (ebenso wie ihr gemeinsamer Sohn) bereits wenig sp\u00e4ter starb. 1767 ging Maria Magdalena mit dem Bonner Hofmusiker Johann van Beethoven (um 1740\u20131792) eine zweite Ehe ein. Sie \u00fcbersiedelte mit ihrem Mann nach Bonn, wo sie insgesamt sieben Kinder zur Welt brachte, von denen jedoch nur drei das Erwachsenenalter erlebten \u2013 darunter der Komponist Ludwig van Beethoven (1770\u20131827). Er hing sehr an seiner Mutter und schrieb nach ihrem Tod in einem Brief \u00fcber sie: \u201esie war mir eine so gute und liebensw\u00fcrdige mutter, meine beste freundin\u201c. (aus: Museumsflyer zum Mutter-Beethoven-Haus, Herausgeber: Mittelrhein-Museum Koblenz)<\/p>\n","protected":false},"author":1,"featured_media":0,"parent":0,"menu_order":0,"comment_status":"closed","ping_status":"closed","template":"","meta":{"footnotes":""},"class_list":["post-50","page","type-page","status-publish","hentry"],"_links":{"self":[{"href":"https:\/\/www.mutter-beethoven-haus.de\/index.php?rest_route=\/wp\/v2\/pages\/50","targetHints":{"allow":["GET"]}}],"collection":[{"href":"https:\/\/www.mutter-beethoven-haus.de\/index.php?rest_route=\/wp\/v2\/pages"}],"about":[{"href":"https:\/\/www.mutter-beethoven-haus.de\/index.php?rest_route=\/wp\/v2\/types\/page"}],"author":[{"embeddable":true,"href":"https:\/\/www.mutter-beethoven-haus.de\/index.php?rest_route=\/wp\/v2\/users\/1"}],"replies":[{"embeddable":true,"href":"https:\/\/www.mutter-beethoven-haus.de\/index.php?rest_route=%2Fwp%2Fv2%2Fcomments&post=50"}],"version-history":[{"count":8,"href":"https:\/\/www.mutter-beethoven-haus.de\/index.php?rest_route=\/wp\/v2\/pages\/50\/revisions"}],"predecessor-version":[{"id":764,"href":"https:\/\/www.mutter-beethoven-haus.de\/index.php?rest_route=\/wp\/v2\/pages\/50\/revisions\/764"}],"wp:attachment":[{"href":"https:\/\/www.mutter-beethoven-haus.de\/index.php?rest_route=%2Fwp%2Fv2%2Fmedia&parent=50"}],"curies":[{"name":"wp","href":"https:\/\/api.w.org\/{rel}","templated":true}]}}