{"id":46,"date":"2021-11-27T16:15:59","date_gmt":"2021-11-27T15:15:59","guid":{"rendered":"https:\/\/www.endkorrektur.de\/Beethoven\/?page_id=46"},"modified":"2025-05-29T11:47:08","modified_gmt":"2025-05-29T09:47:08","slug":"vergangene-ausstellungen","status":"publish","type":"page","link":"https:\/\/www.mutter-beethoven-haus.de\/?page_id=46","title":{"rendered":"Vergangene Ausstellungen"},"content":{"rendered":"<p>&nbsp;<\/p>\n<p><img loading=\"lazy\" decoding=\"async\" class=\"alignnone size-large wp-image-1075 aligncenter\" src=\"https:\/\/www.mutter-beethoven-haus.de\/wp-content\/uploads\/2025\/01\/20240112_Einladung-BTHVN-Karikatur-345x1024.jpg\" alt=\"\" width=\"345\" height=\"1024\" srcset=\"https:\/\/www.mutter-beethoven-haus.de\/wp-content\/uploads\/2025\/01\/20240112_Einladung-BTHVN-Karikatur-345x1024.jpg 345w, https:\/\/www.mutter-beethoven-haus.de\/wp-content\/uploads\/2025\/01\/20240112_Einladung-BTHVN-Karikatur-101x300.jpg 101w, https:\/\/www.mutter-beethoven-haus.de\/wp-content\/uploads\/2025\/01\/20240112_Einladung-BTHVN-Karikatur-768x2280.jpg 768w, https:\/\/www.mutter-beethoven-haus.de\/wp-content\/uploads\/2025\/01\/20240112_Einladung-BTHVN-Karikatur-517x1536.jpg 517w, https:\/\/www.mutter-beethoven-haus.de\/wp-content\/uploads\/2025\/01\/20240112_Einladung-BTHVN-Karikatur-690x2048.jpg 690w, https:\/\/www.mutter-beethoven-haus.de\/wp-content\/uploads\/2025\/01\/20240112_Einladung-BTHVN-Karikatur-1140x3384.jpg 1140w, https:\/\/www.mutter-beethoven-haus.de\/wp-content\/uploads\/2025\/01\/20240112_Einladung-BTHVN-Karikatur-scaled.jpg 862w\" sizes=\"auto, (max-width: 345px) 100vw, 345px\" \/><\/p>\n<p style=\"text-align: center;\">Beethoven, du bist der Gr\u00f6\u00dfte \u2013 Der Komponist in Karikaturen, Cartoons und Comics<\/p>\n<p>&nbsp;<\/p>\n<figure id=\"attachment_831\" aria-describedby=\"caption-attachment-831\" style=\"width: 594px\" class=\"wp-caption aligncenter\"><img loading=\"lazy\" decoding=\"async\" class=\"wp-image-831\" src=\"https:\/\/www.endkorrektur.de\/Beethoven\/wp-content\/uploads\/2024\/02\/Einladung-Ausstellung-Nov-2022-300x151.png\" alt=\"\" width=\"594\" height=\"300\" srcset=\"https:\/\/www.mutter-beethoven-haus.de\/wp-content\/uploads\/2024\/02\/Einladung-Ausstellung-Nov-2022-300x151.png 300w, https:\/\/www.mutter-beethoven-haus.de\/wp-content\/uploads\/2024\/02\/Einladung-Ausstellung-Nov-2022-768x388.png 768w, https:\/\/www.mutter-beethoven-haus.de\/wp-content\/uploads\/2024\/02\/Einladung-Ausstellung-Nov-2022.png 834w\" sizes=\"auto, (max-width: 594px) 100vw, 594px\" \/><figcaption id=\"caption-attachment-831\" class=\"wp-caption-text\">Kleine Denkm\u00e4ler f\u00fcr einen gro\u00dfen Komponisten \u2013 Beethoven in der Medaillenkunst (<a href=\"https:\/\/www.mutter-beethoven-haus.de\/PDF\/Einladung Ausstellung Nov 2022.pdf&quot;\">Hier<\/a> finden Sie den Flyer zur Ausstellungser\u00f6ffnung)<\/figcaption><\/figure>\n<p>&nbsp;<\/p>\n<figure id=\"attachment_576\" aria-describedby=\"caption-attachment-576\" style=\"width: 300px\" class=\"wp-caption aligncenter\"><img loading=\"lazy\" decoding=\"async\" class=\"wp-image-576\" src=\"https:\/\/www.endkorrektur.de\/Beethoven\/wp-content\/uploads\/2024\/02\/Ausstellung_Maria_Magdalena_Beethoven-144x300.jpg\" alt=\"\" width=\"300\" height=\"623\" srcset=\"https:\/\/www.mutter-beethoven-haus.de\/wp-content\/uploads\/2024\/02\/Ausstellung_Maria_Magdalena_Beethoven-144x300.jpg 144w, https:\/\/www.mutter-beethoven-haus.de\/wp-content\/uploads\/2024\/02\/Ausstellung_Maria_Magdalena_Beethoven-493x1024.jpg 493w, https:\/\/www.mutter-beethoven-haus.de\/wp-content\/uploads\/2024\/02\/Ausstellung_Maria_Magdalena_Beethoven-768x1596.jpg 768w, https:\/\/www.mutter-beethoven-haus.de\/wp-content\/uploads\/2024\/02\/Ausstellung_Maria_Magdalena_Beethoven-739x1536.jpg 739w, https:\/\/www.mutter-beethoven-haus.de\/wp-content\/uploads\/2024\/02\/Ausstellung_Maria_Magdalena_Beethoven-985x2048.jpg 985w, https:\/\/www.mutter-beethoven-haus.de\/wp-content\/uploads\/2024\/02\/Ausstellung_Maria_Magdalena_Beethoven-1140x2369.jpg 1140w, https:\/\/www.mutter-beethoven-haus.de\/wp-content\/uploads\/2024\/02\/Ausstellung_Maria_Magdalena_Beethoven.jpg 1188w\" sizes=\"auto, (max-width: 300px) 100vw, 300px\" \/><figcaption id=\"caption-attachment-576\" class=\"wp-caption-text\">Maria Magdalena van Beethoven (1746\u20131787) \u2013 Wahrheiten und Legenden<br \/>(<a href=\"https:\/\/www.mutter-beethoven-haus.de\/PDF\/2021_12_01_Flyer_Ausstellung_Maria_Magdalena_Beethoven\">HIER<\/a> finden Sie den Ausstellungsflyer)<\/figcaption><\/figure>\n<p>&nbsp;<\/p>\n<p>&nbsp;<\/p>\n<figure id=\"attachment_687\" aria-describedby=\"caption-attachment-687\" style=\"width: 300px\" class=\"wp-caption aligncenter\"><img loading=\"lazy\" decoding=\"async\" class=\"wp-image-687\" src=\"https:\/\/www.endkorrektur.de\/Beethoven\/wp-content\/uploads\/2024\/02\/2020_Flyer_Ausstellung-142x300.png\" alt=\"\" width=\"300\" height=\"633\" srcset=\"https:\/\/www.mutter-beethoven-haus.de\/wp-content\/uploads\/2024\/02\/2020_Flyer_Ausstellung-142x300.png 142w, https:\/\/www.mutter-beethoven-haus.de\/wp-content\/uploads\/2024\/02\/2020_Flyer_Ausstellung-485x1024.png 485w, https:\/\/www.mutter-beethoven-haus.de\/wp-content\/uploads\/2024\/02\/2020_Flyer_Ausstellung.png 503w\" sizes=\"auto, (max-width: 300px) 100vw, 300px\" \/><figcaption id=\"caption-attachment-687\" class=\"wp-caption-text\">Auf Beethovens Spuren (<a href=\"https:\/\/www.mutter-beethoven-haus.de\/PDF\/2020_Flyer_Ausstellung.pdf\">Hier<\/a> finden Sie den Ausstellungsflyer)<\/figcaption><\/figure>\n<p>&nbsp;<\/p>\n","protected":false},"excerpt":{"rendered":"<p>&nbsp; Beethoven, du bist der Gr\u00f6\u00dfte \u2013 Der Komponist in Karikaturen, Cartoons und Comics &nbsp; &nbsp; &nbsp; &nbsp; &nbsp;<\/p>\n","protected":false},"author":1,"featured_media":0,"parent":0,"menu_order":0,"comment_status":"closed","ping_status":"closed","template":"","meta":{"footnotes":""},"class_list":["post-46","page","type-page","status-publish","hentry"],"_links":{"self":[{"href":"https:\/\/www.mutter-beethoven-haus.de\/index.php?rest_route=\/wp\/v2\/pages\/46","targetHints":{"allow":["GET"]}}],"collection":[{"href":"https:\/\/www.mutter-beethoven-haus.de\/index.php?rest_route=\/wp\/v2\/pages"}],"about":[{"href":"https:\/\/www.mutter-beethoven-haus.de\/index.php?rest_route=\/wp\/v2\/types\/page"}],"author":[{"embeddable":true,"href":"https:\/\/www.mutter-beethoven-haus.de\/index.php?rest_route=\/wp\/v2\/users\/1"}],"replies":[{"embeddable":true,"href":"https:\/\/www.mutter-beethoven-haus.de\/index.php?rest_route=%2Fwp%2Fv2%2Fcomments&post=46"}],"version-history":[{"count":24,"href":"https:\/\/www.mutter-beethoven-haus.de\/index.php?rest_route=\/wp\/v2\/pages\/46\/revisions"}],"predecessor-version":[{"id":1179,"href":"https:\/\/www.mutter-beethoven-haus.de\/index.php?rest_route=\/wp\/v2\/pages\/46\/revisions\/1179"}],"wp:attachment":[{"href":"https:\/\/www.mutter-beethoven-haus.de\/index.php?rest_route=%2Fwp%2Fv2%2Fmedia&parent=46"}],"curies":[{"name":"wp","href":"https:\/\/api.w.org\/{rel}","templated":true}]}}