{"id":44,"date":"2021-11-27T16:16:10","date_gmt":"2021-11-27T15:16:10","guid":{"rendered":"https:\/\/www.endkorrektur.de\/Beethoven\/?page_id=44"},"modified":"2025-11-11T20:44:55","modified_gmt":"2025-11-11T19:44:55","slug":"aktuelle-ausstellung","status":"publish","type":"page","link":"https:\/\/www.mutter-beethoven-haus.de\/?page_id=44","title":{"rendered":"Aktuelle Ausstellungen"},"content":{"rendered":"<p style=\"text-align: center;\"><strong>Neue Ausstellung (16.11.25 \u2013 01.11.26):<\/strong><\/p>\n<p style=\"text-align: center;\">Beethoven und die Natur. Naturliebe und Naturschilderung in Kunst und Musik der Beethoven-Zeit<\/p>\n<p style=\"text-align: center;\"><img loading=\"lazy\" decoding=\"async\" class=\"wp-image-1193 aligncenter\" src=\"https:\/\/www.mutter-beethoven-haus.de\/wp-content\/uploads\/2025\/09\/Ausstellung-ab-16.11.25.jpg\" alt=\"\" width=\"390\" height=\"200\" \/><\/p>\n<p style=\"text-align: center;\">(<a href=\"http:\/\/www.mutter-beethoven-haus.de\/PDF\/2025_11_11_Neue_Ausstellung.pdf\">HIER<\/a> finden Sie die Einladung zur Ausstellungser\u00f6ffnung)<\/p>\n<p>&nbsp;<\/p>\n<p style=\"text-align: center;\"><strong>Historischer Silberschatz der Sch\u00fctzenbruderschaft aus der Kurf\u00fcrstenzeit\u00a0<\/strong><\/p>\n<p>Ab dem 1. Juni 2025 sind einige Objekte des kostbaren Silberschatzes der St. Seb. Sch\u00fctzenbruderschaft Ehrenbreitstein 1520 e.V. im MBH ausgestellt. Alle Gegenst\u00e4nde stammen aus der Kurf\u00fcrstenzeit zu Zeiten von Maria Magdalena van Beethoven, geborene Keverich. Zu dieser Zeit waren die Ehrenbreitsteiner Sch\u00fctzen beim kurf\u00fcrstlichen Hof in Ehrenbreitstein hoch angesehen. Viele hochrangige Pers\u00f6nlichkeiten stifteten damals sch\u00f6ne Silberarbeiten anl\u00e4sslich ihrer Sch\u00fctzenk\u00f6nigsw\u00fcrde. So stiftete der Feldmarschall-Leutnant Freiherr Wilhelm Ludwig von Hohenfeld einen prachtvollen K\u00f6nigsvogel im Jahr 1752. Selbst Kurf\u00fcrst Clemens Wenzeslaus, der mehrmals die Sch\u00fctzenk\u00f6nigsw\u00fcrde erlangte, stiftete ein kostbares Silberschild.<\/p>\n<p style=\"text-align: center;\"><img loading=\"lazy\" decoding=\"async\" class=\"wp-image-1217 aligncenter\" src=\"https:\/\/www.mutter-beethoven-haus.de\/wp-content\/uploads\/2025\/11\/2025_11_11_IMG_5286-768x1024.jpg\" alt=\"\" width=\"305\" height=\"407\" srcset=\"https:\/\/www.mutter-beethoven-haus.de\/wp-content\/uploads\/2025\/11\/2025_11_11_IMG_5286-768x1024.jpg 768w, https:\/\/www.mutter-beethoven-haus.de\/wp-content\/uploads\/2025\/11\/2025_11_11_IMG_5286-225x300.jpg 225w, https:\/\/www.mutter-beethoven-haus.de\/wp-content\/uploads\/2025\/11\/2025_11_11_IMG_5286-1152x1536.jpg 1152w, https:\/\/www.mutter-beethoven-haus.de\/wp-content\/uploads\/2025\/11\/2025_11_11_IMG_5286-1536x2048.jpg 1536w, https:\/\/www.mutter-beethoven-haus.de\/wp-content\/uploads\/2025\/11\/2025_11_11_IMG_5286-1140x1520.jpg 1140w, https:\/\/www.mutter-beethoven-haus.de\/wp-content\/uploads\/2025\/11\/2025_11_11_IMG_5286-scaled.jpg 1920w\" sizes=\"auto, (max-width: 305px) 100vw, 305px\" \/>(Silbervogel des Feldmarschall-Leutnant<br \/>\nFreiherr Wilhelm Ludwig von Hohenfeld)<\/p>\n<p>&nbsp;<\/p>\n<p style=\"text-align: center;\"><img loading=\"lazy\" decoding=\"async\" class=\"wp-image-1218 aligncenter\" src=\"https:\/\/www.mutter-beethoven-haus.de\/wp-content\/uploads\/2025\/11\/11_11_2025_IMG_3797-737x1024.jpg\" alt=\"\" width=\"299\" height=\"415\" srcset=\"https:\/\/www.mutter-beethoven-haus.de\/wp-content\/uploads\/2025\/11\/11_11_2025_IMG_3797-737x1024.jpg 737w, https:\/\/www.mutter-beethoven-haus.de\/wp-content\/uploads\/2025\/11\/11_11_2025_IMG_3797-216x300.jpg 216w, https:\/\/www.mutter-beethoven-haus.de\/wp-content\/uploads\/2025\/11\/11_11_2025_IMG_3797-768x1068.jpg 768w, https:\/\/www.mutter-beethoven-haus.de\/wp-content\/uploads\/2025\/11\/11_11_2025_IMG_3797-1105x1536.jpg 1105w, https:\/\/www.mutter-beethoven-haus.de\/wp-content\/uploads\/2025\/11\/11_11_2025_IMG_3797-1473x2048.jpg 1473w, https:\/\/www.mutter-beethoven-haus.de\/wp-content\/uploads\/2025\/11\/11_11_2025_IMG_3797-1140x1585.jpg 1140w, https:\/\/www.mutter-beethoven-haus.de\/wp-content\/uploads\/2025\/11\/11_11_2025_IMG_3797-scaled.jpg 1842w\" sizes=\"auto, (max-width: 299px) 100vw, 299px\" \/>(Silberschild des Kurf\u00fcrsten Clemens Wenzeslaus)<\/p>\n<p>&nbsp;<\/p>\n<p>&nbsp;<\/p>\n","protected":false},"excerpt":{"rendered":"<p>Neue Ausstellung (16.11.25 \u2013 01.11.26): Beethoven und die Natur. Naturliebe und Naturschilderung in Kunst und Musik der Beethoven-Zeit (HIER finden Sie die Einladung zur Ausstellungser\u00f6ffnung) &nbsp; Historischer Silberschatz der Sch\u00fctzenbruderschaft aus der Kurf\u00fcrstenzeit\u00a0 Ab dem 1. Juni 2025 sind einige Objekte des kostbaren Silberschatzes der St. Seb. Sch\u00fctzenbruderschaft Ehrenbreitstein 1520 e.V. im MBH ausgestellt. Alle Gegenst\u00e4nde stammen aus der Kurf\u00fcrstenzeit zu Zeiten von Maria Magdalena van Beethoven, geborene Keverich. Zu dieser Zeit waren die Ehrenbreitsteiner Sch\u00fctzen beim kurf\u00fcrstlichen Hof in Ehrenbreitstein hoch angesehen. Viele hochrangige Pers\u00f6nlichkeiten stifteten damals sch\u00f6ne Silberarbeiten anl\u00e4sslich ihrer Sch\u00fctzenk\u00f6nigsw\u00fcrde. So stiftete der Feldmarschall-Leutnant Freiherr Wilhelm Ludwig von Hohenfeld einen prachtvollen K\u00f6nigsvogel im Jahr 1752. Selbst Kurf\u00fcrst Clemens Wenzeslaus, der mehrmals die Sch\u00fctzenk\u00f6nigsw\u00fcrde erlangte, stiftete ein kostbares Silberschild. (Silbervogel des Feldmarschall-Leutnant Freiherr Wilhelm Ludwig von Hohenfeld) &nbsp; (Silberschild des Kurf\u00fcrsten Clemens Wenzeslaus) &nbsp; &nbsp;<\/p>\n","protected":false},"author":1,"featured_media":0,"parent":0,"menu_order":0,"comment_status":"closed","ping_status":"closed","template":"","meta":{"footnotes":""},"class_list":["post-44","page","type-page","status-publish","hentry"],"_links":{"self":[{"href":"https:\/\/www.mutter-beethoven-haus.de\/index.php?rest_route=\/wp\/v2\/pages\/44","targetHints":{"allow":["GET"]}}],"collection":[{"href":"https:\/\/www.mutter-beethoven-haus.de\/index.php?rest_route=\/wp\/v2\/pages"}],"about":[{"href":"https:\/\/www.mutter-beethoven-haus.de\/index.php?rest_route=\/wp\/v2\/types\/page"}],"author":[{"embeddable":true,"href":"https:\/\/www.mutter-beethoven-haus.de\/index.php?rest_route=\/wp\/v2\/users\/1"}],"replies":[{"embeddable":true,"href":"https:\/\/www.mutter-beethoven-haus.de\/index.php?rest_route=%2Fwp%2Fv2%2Fcomments&post=44"}],"version-history":[{"count":66,"href":"https:\/\/www.mutter-beethoven-haus.de\/index.php?rest_route=\/wp\/v2\/pages\/44\/revisions"}],"predecessor-version":[{"id":1229,"href":"https:\/\/www.mutter-beethoven-haus.de\/index.php?rest_route=\/wp\/v2\/pages\/44\/revisions\/1229"}],"wp:attachment":[{"href":"https:\/\/www.mutter-beethoven-haus.de\/index.php?rest_route=%2Fwp%2Fv2%2Fmedia&parent=44"}],"curies":[{"name":"wp","href":"https:\/\/api.w.org\/{rel}","templated":true}]}}