{"id":38,"date":"2021-11-27T16:13:42","date_gmt":"2021-11-27T15:13:42","guid":{"rendered":"https:\/\/www.endkorrektur.de\/Beethoven\/?page_id=38"},"modified":"2026-03-13T19:27:03","modified_gmt":"2026-03-13T18:27:03","slug":"das-haus","status":"publish","type":"page","link":"https:\/\/www.mutter-beethoven-haus.de\/","title":{"rendered":"Das Haus"},"content":{"rendered":"<p>Das Museum Mutter-Beethoven-Haus in Ehrenbreitstein beherbergt eine Ausstellung zur Biographie der Mutter von Ludwig van Beethoven in Ehrenbreitstein und Bonn, zu den Beziehungen des Komponisten nach Koblenz sowie zum Koblenzer Musikleben des 18. und 19. Jahrhunderts. Gezeigt werden Grafiken und Gem\u00e4lde, Alltagsobjekte, Instrumente und Archivalien im Original und als Faksimile, zudem Darstellungen Beethovens und seiner Mutter in der Kunst des 20. und 21. Jahrhunderts.<\/p>\n<p>Als Geburtshaus der Mutter des ber\u00fchmten K\u00fcnstlers ist es der richtige Ort, um die reiche Ehrenbreitsteiner Kulturgeschichte, das Bewusstsein um den Aufenthalt der Vorfahren Beethovens in Ehrenbreitstein und die Historie des Hauses selbst niveauvoll und attraktiv lebendig zu halten.<\/p>\n<p>Inhalte der Dauerausstellung:<\/p>\n<ul>\n<li>\u00a0Geschichte Ehrenbreitsteins als kurf\u00fcrstliche Residenzstadt<\/li>\n<li>\u00a0Die Familie Keverich als Bedienstete am Kurf\u00fcstlichen Hof<\/li>\n<li>\u00a0Frauenleben im 18. Jahrhundert<\/li>\n<li>\u00a0Musik am kurf\u00fcrstlichen Hof<\/li>\n<li>\u00a0Beethovens Jugendzeit<\/li>\n<li>\u00a0Beethovens Freundschaft zu Franz Gerhard Wegeler<\/li>\n<li>\u00a0Zeugnisse aus der Familie Wegeler<\/li>\n<li>\u00a0Musikkultur im Biedermeier<\/li>\n<\/ul>\n<p>Zur nachhaltigen Belebung des Museums, aber auch des dazugeh\u00f6rigen Kammermusiksaales, werden Aktionen und Veranstaltungen durchgef\u00fchrt, die sich der Musik, Kunst, Literatur, Denkmalpflege und Historie widmen. Durch Beschaffung von Exponaten soll das Haus weiter bereichert werden.<\/p>\n<p>Da die Stadt Koblenz als Eigent\u00fcmerin des Hauses und das <strong><a href=\"http:\/\/www.mittelrhein-museum.de\">Mittelrhein-Museum<\/a><\/strong>\u00a0 als Betreiber unter finanziellen Beschr\u00e4nkungen stehen, ist Hilfe durch F\u00f6rderer aus der B\u00fcrgerschaft notwendig. Wir, die \u201eF\u00f6rderer Mutter-Beethoven-Haus\u201c wollen dazu beitragen, und wir freuen uns, Sie als neues Mitglied begr\u00fc\u00dfen zu d\u00fcrfen <strong><a href=\"http:\/\/www.mutter-beethoven-haus.de\/PDF\/Beitrittserklaerung.pdf\">(Zur Beitrittserkl\u00e4rung)<\/a><\/strong>.<\/p>\n<p>Das Mittelrhein-Museum Koblenz ist der \u201eHausherr\u201c des Museums Mutter-Beethoven-Haus. An der Seite von Dr. Matthias von der Bank als Direktor arbeitet ein kleines, professionelles Team an der Optimierung des MBH-Ensembles.<\/p>\n<p>Als Kuratorin wirkt Dr. Silke Bettermann, die auch f\u00fcr das Beethovenhaus in Bonn t\u00e4tig ist. Der Kunstsachverst\u00e4ndige der Museen, Restaurator Thomas Hardy, sorgt f\u00fcr eine anspruchsvolle Optik.<\/p>\n<p>KONTAKT:<br \/>\nMittelrhein-Museum Koblenz Tel. 0261 129 2502<br \/>\n<a class=\"moz-txt-link-abbreviated\" href=\"mailto:mittelrhein-museum@stadt.koblenz.de\">mittelrhein-museum(at)stadt.koblenz.de<\/a><\/p>\n<p><strong><a href=\"http:\/\/www.mittelrhein-museum.de\">www.mittelrhein-museum.de<\/a><\/strong><\/p>\n<p>&nbsp;<\/p>\n","protected":false},"excerpt":{"rendered":"<p>Das Museum Mutter-Beethoven-Haus in Ehrenbreitstein beherbergt eine Ausstellung zur Biographie der Mutter von Ludwig van Beethoven in Ehrenbreitstein und Bonn, zu den Beziehungen des Komponisten nach Koblenz sowie zum Koblenzer Musikleben des 18. und 19. Jahrhunderts. Gezeigt werden Grafiken und Gem\u00e4lde, Alltagsobjekte, Instrumente und Archivalien im Original und als Faksimile, zudem Darstellungen Beethovens und seiner Mutter in der Kunst des 20. und 21. Jahrhunderts. Als Geburtshaus der Mutter des ber\u00fchmten K\u00fcnstlers ist es der richtige Ort, um die reiche Ehrenbreitsteiner Kulturgeschichte, das Bewusstsein um den Aufenthalt der Vorfahren Beethovens in Ehrenbreitstein und die Historie des Hauses selbst niveauvoll und attraktiv lebendig zu halten. Inhalte der Dauerausstellung: \u00a0Geschichte Ehrenbreitsteins als kurf\u00fcrstliche Residenzstadt \u00a0Die Familie Keverich als Bedienstete am Kurf\u00fcstlichen Hof \u00a0Frauenleben im 18. Jahrhundert \u00a0Musik am kurf\u00fcrstlichen Hof \u00a0Beethovens Jugendzeit \u00a0Beethovens Freundschaft zu Franz Gerhard Wegeler \u00a0Zeugnisse aus der Familie Wegeler \u00a0Musikkultur im Biedermeier Zur nachhaltigen Belebung des Museums, aber auch des dazugeh\u00f6rigen Kammermusiksaales, werden Aktionen und Veranstaltungen durchgef\u00fchrt, die sich der Musik, Kunst, Literatur, Denkmalpflege und Historie widmen. Durch Beschaffung von Exponaten soll das Haus weiter bereichert werden. Da die Stadt Koblenz als Eigent\u00fcmerin des Hauses und das Mittelrhein-Museum\u00a0 als Betreiber unter finanziellen Beschr\u00e4nkungen stehen, ist Hilfe durch F\u00f6rderer aus der B\u00fcrgerschaft notwendig. Wir, die \u201eF\u00f6rderer Mutter-Beethoven-Haus\u201c wollen dazu beitragen, und wir freuen uns, Sie als neues Mitglied begr\u00fc\u00dfen zu d\u00fcrfen (Zur Beitrittserkl\u00e4rung). Das Mittelrhein-Museum Koblenz ist der \u201eHausherr\u201c des Museums Mutter-Beethoven-Haus. An der Seite von Dr. Matthias von der Bank als Direktor arbeitet ein kleines, professionelles Team an der Optimierung des MBH-Ensembles. Als Kuratorin wirkt Dr. Silke Bettermann, die auch f\u00fcr das Beethovenhaus in Bonn t\u00e4tig ist. Der Kunstsachverst\u00e4ndige der Museen, Restaurator Thomas Hardy, sorgt f\u00fcr eine anspruchsvolle Optik. KONTAKT: Mittelrhein-Museum Koblenz Tel. 0261 129 2502 mittelrhein-museum(at)stadt.koblenz.de www.mittelrhein-museum.de &nbsp;<\/p>\n","protected":false},"author":1,"featured_media":0,"parent":0,"menu_order":0,"comment_status":"closed","ping_status":"closed","template":"","meta":{"footnotes":""},"class_list":["post-38","page","type-page","status-publish","hentry"],"_links":{"self":[{"href":"https:\/\/www.mutter-beethoven-haus.de\/index.php?rest_route=\/wp\/v2\/pages\/38","targetHints":{"allow":["GET"]}}],"collection":[{"href":"https:\/\/www.mutter-beethoven-haus.de\/index.php?rest_route=\/wp\/v2\/pages"}],"about":[{"href":"https:\/\/www.mutter-beethoven-haus.de\/index.php?rest_route=\/wp\/v2\/types\/page"}],"author":[{"embeddable":true,"href":"https:\/\/www.mutter-beethoven-haus.de\/index.php?rest_route=\/wp\/v2\/users\/1"}],"replies":[{"embeddable":true,"href":"https:\/\/www.mutter-beethoven-haus.de\/index.php?rest_route=%2Fwp%2Fv2%2Fcomments&post=38"}],"version-history":[{"count":28,"href":"https:\/\/www.mutter-beethoven-haus.de\/index.php?rest_route=\/wp\/v2\/pages\/38\/revisions"}],"predecessor-version":[{"id":1286,"href":"https:\/\/www.mutter-beethoven-haus.de\/index.php?rest_route=\/wp\/v2\/pages\/38\/revisions\/1286"}],"wp:attachment":[{"href":"https:\/\/www.mutter-beethoven-haus.de\/index.php?rest_route=%2Fwp%2Fv2%2Fmedia&parent=38"}],"curies":[{"name":"wp","href":"https:\/\/api.w.org\/{rel}","templated":true}]}}